{"id":321,"date":"2018-08-29T16:24:39","date_gmt":"2018-08-29T14:24:39","guid":{"rendered":"https:\/\/rechtsanwaltskanzleikrei.apps-1and1.net\/?page_id=321"},"modified":"2023-04-03T12:38:21","modified_gmt":"2023-04-03T10:38:21","slug":"rechtsanwaelte-2","status":"publish","type":"page","link":"https:\/\/rechtsanwaltskanzlei-kreitmeier-kollegen.de\/?page_id=321","title":{"rendered":"Rechtsanw\u00e4lte"},"content":{"rendered":"\t\t<div data-elementor-type=\"wp-post\" data-elementor-id=\"321\" class=\"elementor elementor-321 elementor-bc-flex-widget\">\n\t\t\t\t\t\t<section class=\"elementor-section elementor-top-section elementor-element elementor-element-45a0fb0f elementor-section-boxed elementor-section-height-default elementor-section-height-default\" data-id=\"45a0fb0f\" data-element_type=\"section\" data-e-type=\"section\">\n\t\t\t\t\t\t<div class=\"elementor-container elementor-column-gap-default\">\n\t\t\t\t\t<div class=\"elementor-column elementor-col-100 elementor-top-column elementor-element elementor-element-144074c6\" data-id=\"144074c6\" data-element_type=\"column\" data-e-type=\"column\">\n\t\t\t<div class=\"elementor-widget-wrap elementor-element-populated\">\n\t\t\t\t\t\t<div class=\"elementor-element elementor-element-59405fd elementor-hidden-phone elementor-widget elementor-widget-shortcode\" data-id=\"59405fd\" data-element_type=\"widget\" data-e-type=\"widget\" data-widget_type=\"shortcode.default\">\n\t\t\t\t<div class=\"elementor-widget-container\">\n\t\t\t\t\t\t\t<div class=\"elementor-shortcode\">                    <style>\n                        .typed-div-723 {\n                            font-size: 20px;                            font-family: Helvetica;                                color: rgba(0,0,0,0.75);                                font-weight: 400;                        }\n\n                        .typed-div-723 a {\n                            color: rgba(0,0,0,0.75);                        }\n\n                        .typed-div-723 .typed-cursor {\n                            color: rgba(0,0,0,0.75);                        }\n                        \n                                            <\/style>\n                    <div class=\"typed-div-723\">                        \n                        <span style=\"white-space:pre;\" class=\"typed_perview_div\" data-cursor-char=\"|\" data-cursor=\"no\" data-strings=\"F\u00fcr die Lebensl\u00e4ufe w\u00e4hlen Sie einen Anwalt aus dem Men\u00fcpunkt.\" data-speed=\"1\" data-delay=\"0\" data-back-delay=\"500\" data-back-speed=\"0\" data-loop=\"no\"><\/span>\n                    <\/div>\n                    <\/div>\n\t\t\t\t\t\t<\/div>\n\t\t\t\t<\/div>\n\t\t\t\t<div class=\"elementor-element elementor-element-7bb14645 elementor-hidden-phone elementor-invisible elementor-widget elementor-widget-text-editor\" data-id=\"7bb14645\" data-element_type=\"widget\" data-e-type=\"widget\" data-settings=\"{&quot;_animation&quot;:&quot;fadeInUp&quot;}\" data-widget_type=\"text-editor.default\">\n\t\t\t\t<div class=\"elementor-widget-container\">\n\t\t\t\t\t\t\t\t\t\t\t\t\t\t\t\t\t<\/div>\n\t\t\t\t<\/div>\n\t\t\t\t\t<\/div>\n\t\t<\/div>\n\t\t\t\t\t<\/div>\n\t\t<\/section>\n\t\t\t\t<section class=\"elementor-section elementor-top-section elementor-element elementor-element-5777635 elementor-section-boxed elementor-section-height-default elementor-section-height-default\" data-id=\"5777635\" data-element_type=\"section\" data-e-type=\"section\">\n\t\t\t\t\t\t<div class=\"elementor-container elementor-column-gap-default\">\n\t\t\t\t\t<div class=\"elementor-column elementor-col-100 elementor-top-column elementor-element elementor-element-0464bd3\" data-id=\"0464bd3\" data-element_type=\"column\" data-e-type=\"column\">\n\t\t\t<div class=\"elementor-widget-wrap elementor-element-populated\">\n\t\t\t\t\t\t<div class=\"elementor-element elementor-element-4369705 elementor-hidden-desktop elementor-hidden-tablet elementor-invisible elementor-widget elementor-widget-text-editor\" data-id=\"4369705\" data-element_type=\"widget\" data-e-type=\"widget\" data-settings=\"{&quot;_animation&quot;:&quot;fadeInLeft&quot;}\" data-widget_type=\"text-editor.default\">\n\t\t\t\t<div class=\"elementor-widget-container\">\n\t\t\t\t\t\t\t\t\t<p>F\u00fcr die Lebens\u00adl\u00e4u\u00adfe w\u00e4h\u00adlen Sie einen Anwalt aus dem Men\u00fcpunkt.<\/p>\t\t\t\t\t\t\t\t<\/div>\n\t\t\t\t<\/div>\n\t\t\t\t\t<\/div>\n\t\t<\/div>\n\t\t\t\t\t<\/div>\n\t\t<\/section>\n\t\t\t\t<\/div>\n\t\t","protected":false},"excerpt":{"rendered":"<p>F\u00fcr die Lebens\u00adl\u00e4u\u00adfe w\u00e4h\u00adlen Sie einen Anwalt aus dem Men\u00fcpunkt.<\/p>\n","protected":false},"author":1,"featured_media":0,"parent":0,"menu_order":0,"comment_status":"closed","ping_status":"closed","template":"","meta":{"wp_typography_post_enhancements_disabled":false,"footnotes":""},"class_list":["post-321","page","type-page","status-publish","hentry"],"yoast_head":"<!-- This site is optimized with the Yoast SEO plugin v27.4 - https:\/\/yoast.com\/product\/yoast-seo-wordpress\/ -->\n<title>Rechtsanw\u00e4lte - Dr. Kreitmeier und Kollegen<\/title>\n<meta name=\"robots\" content=\"index, follow, max-snippet:-1, max-image-preview:large, max-video-preview:-1\" \/>\n<link rel=\"canonical\" href=\"https:\/\/rechtsanwaltskanzlei-kreitmeier-kollegen.de\/?page_id=321\" \/>\n<meta property=\"og:locale\" content=\"de_DE\" \/>\n<meta property=\"og:type\" content=\"article\" \/>\n<meta property=\"og:title\" content=\"Rechtsanw\u00e4lte - Dr. Kreitmeier und Kollegen\" \/>\n<meta property=\"og:description\" content=\"F\u00fcr die Lebens\u00adl\u00e4u\u00adfe w\u00e4h\u00adlen Sie einen Anwalt aus dem Men\u00fcpunkt.\" \/>\n<meta property=\"og:url\" content=\"https:\/\/rechtsanwaltskanzlei-kreitmeier-kollegen.de\/?page_id=321\" \/>\n<meta property=\"og:site_name\" content=\"Dr. Kreitmeier und Kollegen\" \/>\n<meta property=\"article:modified_time\" content=\"2023-04-03T10:38:21+00:00\" \/>\n<meta name=\"twitter:card\" content=\"summary_large_image\" \/>\n<meta name=\"twitter:label1\" content=\"Gesch\u00e4tzte Lesezeit\" \/>\n\t<meta name=\"twitter:data1\" content=\"1\u00a0Minute\" \/>\n<script type=\"application\/ld+json\" class=\"yoast-schema-graph\">{\"@context\":\"https:\\\/\\\/schema.org\",\"@graph\":[{\"@type\":\"WebPage\",\"@id\":\"https:\\\/\\\/rechtsanwaltskanzlei-kreitmeier-kollegen.de\\\/?page_id=321\",\"url\":\"https:\\\/\\\/rechtsanwaltskanzlei-kreitmeier-kollegen.de\\\/?page_id=321\",\"name\":\"Rechtsanw\u00e4lte - Dr. Kreitmeier und Kollegen\",\"isPartOf\":{\"@id\":\"https:\\\/\\\/rechtsanwaltskanzlei-kreitmeier-kollegen.de\\\/#website\"},\"datePublished\":\"2018-08-29T14:24:39+00:00\",\"dateModified\":\"2023-04-03T10:38:21+00:00\",\"breadcrumb\":{\"@id\":\"https:\\\/\\\/rechtsanwaltskanzlei-kreitmeier-kollegen.de\\\/?page_id=321#breadcrumb\"},\"inLanguage\":\"de\",\"potentialAction\":[{\"@type\":\"ReadAction\",\"target\":[\"https:\\\/\\\/rechtsanwaltskanzlei-kreitmeier-kollegen.de\\\/?page_id=321\"]}]},{\"@type\":\"BreadcrumbList\",\"@id\":\"https:\\\/\\\/rechtsanwaltskanzlei-kreitmeier-kollegen.de\\\/?page_id=321#breadcrumb\",\"itemListElement\":[{\"@type\":\"ListItem\",\"position\":1,\"name\":\"Startseite\",\"item\":\"https:\\\/\\\/rechtsanwaltskanzlei-kreitmeier-kollegen.de\\\/\"},{\"@type\":\"ListItem\",\"position\":2,\"name\":\"Rechtsanw\u00e4lte\"}]},{\"@type\":\"WebSite\",\"@id\":\"https:\\\/\\\/rechtsanwaltskanzlei-kreitmeier-kollegen.de\\\/#website\",\"url\":\"https:\\\/\\\/rechtsanwaltskanzlei-kreitmeier-kollegen.de\\\/\",\"name\":\"Kreitmeier, Dr. Holzmair und Kollegen\",\"description\":\"Rechtsanwaltskanzlei\",\"publisher\":{\"@id\":\"https:\\\/\\\/rechtsanwaltskanzlei-kreitmeier-kollegen.de\\\/#organization\"},\"potentialAction\":[{\"@type\":\"SearchAction\",\"target\":{\"@type\":\"EntryPoint\",\"urlTemplate\":\"https:\\\/\\\/rechtsanwaltskanzlei-kreitmeier-kollegen.de\\\/?s={search_term_string}\"},\"query-input\":{\"@type\":\"PropertyValueSpecification\",\"valueRequired\":true,\"valueName\":\"search_term_string\"}}],\"inLanguage\":\"de\"},{\"@type\":\"Organization\",\"@id\":\"https:\\\/\\\/rechtsanwaltskanzlei-kreitmeier-kollegen.de\\\/#organization\",\"name\":\"Kreitmeier, Dr. Holzmair und Kollegen\",\"url\":\"https:\\\/\\\/rechtsanwaltskanzlei-kreitmeier-kollegen.de\\\/\",\"logo\":{\"@type\":\"ImageObject\",\"inLanguage\":\"de\",\"@id\":\"https:\\\/\\\/rechtsanwaltskanzlei-kreitmeier-kollegen.de\\\/#\\\/schema\\\/logo\\\/image\\\/\",\"url\":\"https:\\\/\\\/rechtsanwaltskanzlei-kreitmeier-kollegen.de\\\/wp-content\\\/uploads\\\/2018\\\/09\\\/ben-rosett-10614-unsplash.jpg\",\"contentUrl\":\"https:\\\/\\\/rechtsanwaltskanzlei-kreitmeier-kollegen.de\\\/wp-content\\\/uploads\\\/2018\\\/09\\\/ben-rosett-10614-unsplash.jpg\",\"width\":5048,\"height\":3370,\"caption\":\"Kreitmeier, Dr. Holzmair und Kollegen\"},\"image\":{\"@id\":\"https:\\\/\\\/rechtsanwaltskanzlei-kreitmeier-kollegen.de\\\/#\\\/schema\\\/logo\\\/image\\\/\"}}]}<\/script>\n<!-- \/ Yoast SEO plugin. -->","yoast_head_json":{"title":"Rechtsanw\u00e4lte - Dr. Kreitmeier und Kollegen","robots":{"index":"index","follow":"follow","max-snippet":"max-snippet:-1","max-image-preview":"max-image-preview:large","max-video-preview":"max-video-preview:-1"},"canonical":"https:\/\/rechtsanwaltskanzlei-kreitmeier-kollegen.de\/?page_id=321","og_locale":"de_DE","og_type":"article","og_title":"Rechtsanw\u00e4lte - Dr. Kreitmeier und Kollegen","og_description":"F\u00fcr die Lebens\u00adl\u00e4u\u00adfe w\u00e4h\u00adlen Sie einen Anwalt aus dem Men\u00fcpunkt.","og_url":"https:\/\/rechtsanwaltskanzlei-kreitmeier-kollegen.de\/?page_id=321","og_site_name":"Dr. Kreitmeier und Kollegen","article_modified_time":"2023-04-03T10:38:21+00:00","twitter_card":"summary_large_image","twitter_misc":{"Gesch\u00e4tzte Lesezeit":"1\u00a0Minute"},"schema":{"@context":"https:\/\/schema.org","@graph":[{"@type":"WebPage","@id":"https:\/\/rechtsanwaltskanzlei-kreitmeier-kollegen.de\/?page_id=321","url":"https:\/\/rechtsanwaltskanzlei-kreitmeier-kollegen.de\/?page_id=321","name":"Rechtsanw\u00e4lte - Dr. Kreitmeier und Kollegen","isPartOf":{"@id":"https:\/\/rechtsanwaltskanzlei-kreitmeier-kollegen.de\/#website"},"datePublished":"2018-08-29T14:24:39+00:00","dateModified":"2023-04-03T10:38:21+00:00","breadcrumb":{"@id":"https:\/\/rechtsanwaltskanzlei-kreitmeier-kollegen.de\/?page_id=321#breadcrumb"},"inLanguage":"de","potentialAction":[{"@type":"ReadAction","target":["https:\/\/rechtsanwaltskanzlei-kreitmeier-kollegen.de\/?page_id=321"]}]},{"@type":"BreadcrumbList","@id":"https:\/\/rechtsanwaltskanzlei-kreitmeier-kollegen.de\/?page_id=321#breadcrumb","itemListElement":[{"@type":"ListItem","position":1,"name":"Startseite","item":"https:\/\/rechtsanwaltskanzlei-kreitmeier-kollegen.de\/"},{"@type":"ListItem","position":2,"name":"Rechtsanw\u00e4lte"}]},{"@type":"WebSite","@id":"https:\/\/rechtsanwaltskanzlei-kreitmeier-kollegen.de\/#website","url":"https:\/\/rechtsanwaltskanzlei-kreitmeier-kollegen.de\/","name":"Kreitmeier, Dr. Holzmair und Kollegen","description":"Rechtsanwaltskanzlei","publisher":{"@id":"https:\/\/rechtsanwaltskanzlei-kreitmeier-kollegen.de\/#organization"},"potentialAction":[{"@type":"SearchAction","target":{"@type":"EntryPoint","urlTemplate":"https:\/\/rechtsanwaltskanzlei-kreitmeier-kollegen.de\/?s={search_term_string}"},"query-input":{"@type":"PropertyValueSpecification","valueRequired":true,"valueName":"search_term_string"}}],"inLanguage":"de"},{"@type":"Organization","@id":"https:\/\/rechtsanwaltskanzlei-kreitmeier-kollegen.de\/#organization","name":"Kreitmeier, Dr. Holzmair und Kollegen","url":"https:\/\/rechtsanwaltskanzlei-kreitmeier-kollegen.de\/","logo":{"@type":"ImageObject","inLanguage":"de","@id":"https:\/\/rechtsanwaltskanzlei-kreitmeier-kollegen.de\/#\/schema\/logo\/image\/","url":"https:\/\/rechtsanwaltskanzlei-kreitmeier-kollegen.de\/wp-content\/uploads\/2018\/09\/ben-rosett-10614-unsplash.jpg","contentUrl":"https:\/\/rechtsanwaltskanzlei-kreitmeier-kollegen.de\/wp-content\/uploads\/2018\/09\/ben-rosett-10614-unsplash.jpg","width":5048,"height":3370,"caption":"Kreitmeier, Dr. Holzmair und Kollegen"},"image":{"@id":"https:\/\/rechtsanwaltskanzlei-kreitmeier-kollegen.de\/#\/schema\/logo\/image\/"}}]}},"_links":{"self":[{"href":"https:\/\/rechtsanwaltskanzlei-kreitmeier-kollegen.de\/index.php?rest_route=\/wp\/v2\/pages\/321","targetHints":{"allow":["GET"]}}],"collection":[{"href":"https:\/\/rechtsanwaltskanzlei-kreitmeier-kollegen.de\/index.php?rest_route=\/wp\/v2\/pages"}],"about":[{"href":"https:\/\/rechtsanwaltskanzlei-kreitmeier-kollegen.de\/index.php?rest_route=\/wp\/v2\/types\/page"}],"author":[{"embeddable":true,"href":"https:\/\/rechtsanwaltskanzlei-kreitmeier-kollegen.de\/index.php?rest_route=\/wp\/v2\/users\/1"}],"replies":[{"embeddable":true,"href":"https:\/\/rechtsanwaltskanzlei-kreitmeier-kollegen.de\/index.php?rest_route=%2Fwp%2Fv2%2Fcomments&post=321"}],"version-history":[{"count":18,"href":"https:\/\/rechtsanwaltskanzlei-kreitmeier-kollegen.de\/index.php?rest_route=\/wp\/v2\/pages\/321\/revisions"}],"predecessor-version":[{"id":909,"href":"https:\/\/rechtsanwaltskanzlei-kreitmeier-kollegen.de\/index.php?rest_route=\/wp\/v2\/pages\/321\/revisions\/909"}],"wp:attachment":[{"href":"https:\/\/rechtsanwaltskanzlei-kreitmeier-kollegen.de\/index.php?rest_route=%2Fwp%2Fv2%2Fmedia&parent=321"}],"curies":[{"name":"wp","href":"https:\/\/api.w.org\/{rel}","templated":true}]}}